{"id":2023,"date":"2025-01-22T22:42:59","date_gmt":"2025-01-22T21:42:59","guid":{"rendered":"https:\/\/the-green-entrepreneur.org\/?page_id=2023"},"modified":"2025-10-16T21:08:10","modified_gmt":"2025-10-16T19:08:10","slug":"parcours","status":"publish","type":"page","link":"https:\/\/the-green-entrepreneur.org\/en\/parcours\/","title":{"rendered":"Parcours"},"content":{"rendered":"<div data-elementor-type=\"wp-page\" data-elementor-id=\"2023\" class=\"elementor elementor-2023\">\n\t\t\t\t\t\t<section class=\"elementor-section elementor-top-section elementor-element elementor-element-ca714af elementor-section-height-min-height elementor-section-content-bottom elementor-section-items-bottom elementor-section-boxed elementor-section-height-default\" data-id=\"ca714af\" data-element_type=\"section\" data-settings=\"{&quot;background_background&quot;:&quot;classic&quot;}\">\n\t\t\t\t\t\t\t<div class=\"elementor-background-overlay\"><\/div>\n\t\t\t\t\t\t\t<div class=\"elementor-container elementor-column-gap-no\">\n\t\t\t\t\t<div class=\"elementor-column elementor-col-100 elementor-top-column elementor-element elementor-element-2d2830d\" data-id=\"2d2830d\" data-element_type=\"column\">\n\t\t\t<div class=\"elementor-widget-wrap elementor-element-populated\">\n\t\t\t\t\t\t<div class=\"elementor-element elementor-element-ece90bc elementor-widget elementor-widget-heading\" data-id=\"ece90bc\" data-element_type=\"widget\" data-widget_type=\"heading.default\">\n\t\t\t\t<div class=\"elementor-widget-container\">\n\t\t\t<h1 class=\"elementor-heading-title elementor-size-default\">Nos Parcours<\/h1>\t\t<\/div>\n\t\t\t\t<\/div>\n\t\t\t\t<div class=\"elementor-element elementor-element-293ddc1 elementor-align-center elementor-widget elementor-widget-button\" data-id=\"293ddc1\" data-element_type=\"widget\" data-widget_type=\"button.default\">\n\t\t\t\t<div class=\"elementor-widget-container\">\n\t\t\t\t\t\t\t<div class=\"elementor-button-wrapper\">\n\t\t\t\t\t<a class=\"elementor-button elementor-button-link elementor-size-sm\" href=\"\" target=\"_blank\">\n\t\t\t\t\t\t<span class=\"elementor-button-content-wrapper\">\n\t\t\t\t\t\t\t\t\t<span class=\"elementor-button-text\">Sign Up <\/span>\n\t\t\t\t\t<\/span>\n\t\t\t\t\t<\/a>\n\t\t\t\t<\/div>\n\t\t\t\t\t\t<\/div>\n\t\t\t\t<\/div>\n\t\t\t\t\t<\/div>\n\t\t<\/div>\n\t\t\t\t\t<\/div>\n\t\t<\/section>\n\t\t\t\t<section class=\"elementor-section elementor-top-section elementor-element elementor-element-d9ff5bd elementor-section-boxed elementor-section-height-default elementor-section-height-default\" data-id=\"d9ff5bd\" data-element_type=\"section\" data-settings=\"{&quot;background_background&quot;:&quot;classic&quot;}\">\n\t\t\t\t\t\t\t<div class=\"elementor-background-overlay\"><\/div>\n\t\t\t\t\t\t\t<div class=\"elementor-container elementor-column-gap-no\">\n\t\t\t\t\t<div class=\"elementor-column elementor-col-100 elementor-top-column elementor-element elementor-element-c27aed2\" data-id=\"c27aed2\" data-element_type=\"column\">\n\t\t\t<div class=\"elementor-widget-wrap elementor-element-populated\">\n\t\t\t\t\t\t<div class=\"elementor-element elementor-element-8207506 elementor-widget elementor-widget-heading\" data-id=\"8207506\" data-element_type=\"widget\" data-widget_type=\"heading.default\">\n\t\t\t\t<div class=\"elementor-widget-container\">\n\t\t\t<h6 class=\"elementor-heading-title elementor-size-default\">Our Project<\/h6>\t\t<\/div>\n\t\t\t\t<\/div>\n\t\t\t\t<div class=\"elementor-element elementor-element-3d9fd31 elementor-widget elementor-widget-heading\" data-id=\"3d9fd31\" data-element_type=\"widget\" data-widget_type=\"heading.default\">\n\t\t\t\t<div class=\"elementor-widget-container\">\n\t\t\t<h2 class=\"elementor-heading-title elementor-size-default\">Un accompagnement adapt\u00e9 \u00e0 chaque \u00e9tape de votre projet<\/h2>\t\t<\/div>\n\t\t\t\t<\/div>\n\t\t\t\t<div class=\"elementor-element elementor-element-36e190f elementor-widget-divider--view-line elementor-widget elementor-widget-divider\" data-id=\"36e190f\" data-element_type=\"widget\" data-widget_type=\"divider.default\">\n\t\t\t\t<div class=\"elementor-widget-container\">\n\t\t\t\t\t<div class=\"elementor-divider\">\n\t\t\t<span class=\"elementor-divider-separator\">\n\t\t\t\t\t\t<\/span>\n\t\t<\/div>\n\t\t\t\t<\/div>\n\t\t\t\t<\/div>\n\t\t\t\t<div class=\"elementor-element elementor-element-27751a3 elementor-widget elementor-widget-text-editor\" data-id=\"27751a3\" data-element_type=\"widget\" data-widget_type=\"text-editor.default\">\n\t\t\t\t<div class=\"elementor-widget-container\">\n\t\t\t\t\t\t\t<p>Bienvenue sur la page d\u00e9di\u00e9e \u00e0 nos\u00a0 parcours de formations. Chez \u00ab\u00a0The Green Entrepreneur\u00a0\u00bb,<strong><span>Choisissez le parcours qui correspond \u00e0 votre \u00e9tape actuelle et faites avancer votre projet en toute confiance !<\/span><\/strong><\/p>\t\t\t\t\t\t<\/div>\n\t\t\t\t<\/div>\n\t\t\t\t\t<\/div>\n\t\t<\/div>\n\t\t\t\t\t<\/div>\n\t\t<\/section>\n\t\t\t\t<section class=\"elementor-section elementor-top-section elementor-element elementor-element-0f5bed1 elementor-section-boxed elementor-section-height-default elementor-section-height-default\" data-id=\"0f5bed1\" data-element_type=\"section\" data-settings=\"{&quot;background_background&quot;:&quot;classic&quot;}\">\n\t\t\t\t\t\t\t<div class=\"elementor-background-overlay\"><\/div>\n\t\t\t\t\t\t\t<div class=\"elementor-container elementor-column-gap-no\">\n\t\t\t\t\t<div class=\"elementor-column elementor-col-50 elementor-top-column elementor-element elementor-element-8f9c409\" data-id=\"8f9c409\" data-element_type=\"column\">\n\t\t\t<div class=\"elementor-widget-wrap elementor-element-populated\">\n\t\t\t\t\t\t<div class=\"elementor-element elementor-element-ef66ded elementor-widget elementor-widget-image\" data-id=\"ef66ded\" data-element_type=\"widget\" data-widget_type=\"image.default\">\n\t\t\t\t<div class=\"elementor-widget-container\">\n\t\t\t\t\t\t\t\t\t\t\t\t\t\t<a href=\"#\">\n\t\t\t\t\t\t\t<img fetchpriority=\"high\" decoding=\"async\" width=\"1920\" height=\"1080\" src=\"https:\/\/the-green-entrepreneur.org\/wp-content\/uploads\/2023\/05\/bg-09-free-img.jpg\" class=\"attachment-full size-full wp-image-879\" alt=\"\" srcset=\"https:\/\/the-green-entrepreneur.org\/wp-content\/uploads\/2023\/05\/bg-09-free-img.jpg 1920w, https:\/\/the-green-entrepreneur.org\/wp-content\/uploads\/2023\/05\/bg-09-free-img-300x169.jpg 300w, https:\/\/the-green-entrepreneur.org\/wp-content\/uploads\/2023\/05\/bg-09-free-img-1024x576.jpg 1024w, https:\/\/the-green-entrepreneur.org\/wp-content\/uploads\/2023\/05\/bg-09-free-img-768x432.jpg 768w, https:\/\/the-green-entrepreneur.org\/wp-content\/uploads\/2023\/05\/bg-09-free-img-1536x864.jpg 1536w\" sizes=\"(max-width: 1920px) 100vw, 1920px\" \/>\t\t\t\t\t\t\t\t<\/a>\n\t\t\t\t\t\t\t\t\t\t\t\t\t<\/div>\n\t\t\t\t<\/div>\n\t\t\t\t<div class=\"elementor-element elementor-element-4b3c665 elementor-widget elementor-widget-heading\" data-id=\"4b3c665\" data-element_type=\"widget\" data-widget_type=\"heading.default\">\n\t\t\t\t<div class=\"elementor-widget-container\">\n\t\t\t<h6 class=\"elementor-heading-title elementor-size-default\">1-Recherche d'id\u00e9e de projet <\/h6>\t\t<\/div>\n\t\t\t\t<\/div>\n\t\t\t\t<div class=\"elementor-element elementor-element-d76e70e elementor-widget-divider--view-line elementor-widget elementor-widget-divider\" data-id=\"d76e70e\" data-element_type=\"widget\" data-widget_type=\"divider.default\">\n\t\t\t\t<div class=\"elementor-widget-container\">\n\t\t\t\t\t<div class=\"elementor-divider\">\n\t\t\t<span class=\"elementor-divider-separator\">\n\t\t\t\t\t\t<\/span>\n\t\t<\/div>\n\t\t\t\t<\/div>\n\t\t\t\t<\/div>\n\t\t\t\t<div class=\"elementor-element elementor-element-6353eff elementor-widget__width-initial elementor-widget elementor-widget-heading\" data-id=\"6353eff\" data-element_type=\"widget\" data-widget_type=\"heading.default\">\n\t\t\t\t<div class=\"elementor-widget-container\">\n\t\t\t<h5 class=\"elementor-heading-title elementor-size-default\"><a href=\"#\">Transformez votre cr\u00e9ativit\u00e9 en un projet concret gr\u00e2ce \u00e0 ce parcours qui vous guide dans l'exploration et la structuration de votre id\u00e9e\nCe que vous apprendrez sur trois ateliers :<br>\n1- Carte mentale <br>                                            \n2- Recherche de financement <br>\n3- Responsabilit\u00e9 sociale d'entreprise (RSE)<br>\nRejoignez ce parcours pour poser les bases solides de votre futur projet entrepreneurial !<\/a><\/h5>\t\t<\/div>\n\t\t\t\t<\/div>\n\t\t\t\t<div class=\"elementor-element elementor-element-d4ea4b5 elementor-widget elementor-widget-text-editor\" data-id=\"d4ea4b5\" data-element_type=\"widget\" data-widget_type=\"text-editor.default\">\n\t\t\t\t<div class=\"elementor-widget-container\">\n\t\t\t\t\t\t\t<p><a href=\"https:\/\/www.zeffy.com\/fr-CA\/ticketing\/formation-tge\" target=\"_blank\" rel=\"noopener\"><strong>Training access<\/strong> <strong>Training<\/strong><\/a><\/p>\t\t\t\t\t\t<\/div>\n\t\t\t\t<\/div>\n\t\t\t\t\t<\/div>\n\t\t<\/div>\n\t\t\t\t<div class=\"elementor-column elementor-col-50 elementor-top-column elementor-element elementor-element-041f63b\" data-id=\"041f63b\" data-element_type=\"column\">\n\t\t\t<div class=\"elementor-widget-wrap elementor-element-populated\">\n\t\t\t\t\t\t<div class=\"elementor-element elementor-element-c3348d5 elementor-widget elementor-widget-image\" data-id=\"c3348d5\" data-element_type=\"widget\" data-widget_type=\"image.default\">\n\t\t\t\t<div class=\"elementor-widget-container\">\n\t\t\t\t\t\t\t\t\t\t\t\t\t\t<a href=\"#\">\n\t\t\t\t\t\t\t<img decoding=\"async\" width=\"505\" height=\"335\" src=\"https:\/\/the-green-entrepreneur.org\/wp-content\/uploads\/2023\/05\/3.png\" class=\"attachment-full size-full wp-image-983\" alt=\"\" srcset=\"https:\/\/the-green-entrepreneur.org\/wp-content\/uploads\/2023\/05\/3.png 505w, https:\/\/the-green-entrepreneur.org\/wp-content\/uploads\/2023\/05\/3-300x199.png 300w\" sizes=\"(max-width: 505px) 100vw, 505px\" \/>\t\t\t\t\t\t\t\t<\/a>\n\t\t\t\t\t\t\t\t\t\t\t\t\t<\/div>\n\t\t\t\t<\/div>\n\t\t\t\t<div class=\"elementor-element elementor-element-e45b164 elementor-widget elementor-widget-heading\" data-id=\"e45b164\" data-element_type=\"widget\" data-widget_type=\"heading.default\">\n\t\t\t\t<div class=\"elementor-widget-container\">\n\t\t\t<h6 class=\"elementor-heading-title elementor-size-default\">2- Pr\u00e9d\u00e9marrage de projet<\/h6>\t\t<\/div>\n\t\t\t\t<\/div>\n\t\t\t\t<div class=\"elementor-element elementor-element-002b6a4 elementor-widget-divider--view-line elementor-widget elementor-widget-divider\" data-id=\"002b6a4\" data-element_type=\"widget\" data-widget_type=\"divider.default\">\n\t\t\t\t<div class=\"elementor-widget-container\">\n\t\t\t\t\t<div class=\"elementor-divider\">\n\t\t\t<span class=\"elementor-divider-separator\">\n\t\t\t\t\t\t<\/span>\n\t\t<\/div>\n\t\t\t\t<\/div>\n\t\t\t\t<\/div>\n\t\t\t\t<div class=\"elementor-element elementor-element-bdfbd6b elementor-widget__width-initial elementor-widget elementor-widget-heading\" data-id=\"bdfbd6b\" data-element_type=\"widget\" data-widget_type=\"heading.default\">\n\t\t\t\t<div class=\"elementor-widget-container\">\n\t\t\t<h5 class=\"elementor-heading-title elementor-size-default\"><a href=\"#\">Le parcours Pr\u00e9d\u00e9marrage de projet entrepreneurial vous aide \u00e0 transformer vos id\u00e9es en un projet structur\u00e9 et pr\u00eat \u00e0 \u00eatre lanc\u00e9\nLes ateliers inclus :<br>\n1- Mod\u00e8le de toile d'entreprise<br>\n2- Pens\u00e9e conceptuelle <br>\n3- Recherche de financement<br>\n4- Responsabilit\u00e9 sociale d'entreprise (RSE)<br> \n\nCe parcours vous aide \u00e0 transformer vos id\u00e9es en un projet concret et pr\u00eat \u00e0 d\u00e9marrer !<\/a><\/h5>\t\t<\/div>\n\t\t\t\t<\/div>\n\t\t\t\t<div class=\"elementor-element elementor-element-b78e6c1 elementor-widget elementor-widget-text-editor\" data-id=\"b78e6c1\" data-element_type=\"widget\" data-widget_type=\"text-editor.default\">\n\t\t\t\t<div class=\"elementor-widget-container\">\n\t\t\t\t\t\t\t<p><a href=\"https:\/\/www.zeffy.com\/fr-CA\/ticketing\/formation-tge\" target=\"_blank\" rel=\"noopener\"><strong>Access Training<\/strong><\/a><\/p>\t\t\t\t\t\t<\/div>\n\t\t\t\t<\/div>\n\t\t\t\t\t<\/div>\n\t\t<\/div>\n\t\t\t\t\t<\/div>\n\t\t<\/section>\n\t\t\t\t<section class=\"elementor-section elementor-top-section elementor-element elementor-element-68fe2b1 elementor-section-boxed elementor-section-height-default elementor-section-height-default\" data-id=\"68fe2b1\" data-element_type=\"section\" data-settings=\"{&quot;background_background&quot;:&quot;classic&quot;}\">\n\t\t\t\t\t\t<div class=\"elementor-container elementor-column-gap-no\">\n\t\t\t\t\t<div class=\"elementor-column elementor-col-50 elementor-top-column elementor-element elementor-element-433222f\" data-id=\"433222f\" data-element_type=\"column\">\n\t\t\t<div class=\"elementor-widget-wrap elementor-element-populated\">\n\t\t\t\t\t\t<div class=\"elementor-element elementor-element-51b0fef elementor-widget elementor-widget-image\" data-id=\"51b0fef\" data-element_type=\"widget\" data-widget_type=\"image.default\">\n\t\t\t\t<div class=\"elementor-widget-container\">\n\t\t\t\t\t\t\t\t\t\t\t\t\t\t<a href=\"#\">\n\t\t\t\t\t\t\t<img decoding=\"async\" width=\"890\" height=\"650\" src=\"https:\/\/the-green-entrepreneur.org\/wp-content\/uploads\/2023\/05\/9.png\" class=\"attachment-full size-full wp-image-1013\" alt=\"\" srcset=\"https:\/\/the-green-entrepreneur.org\/wp-content\/uploads\/2023\/05\/9.png 890w, https:\/\/the-green-entrepreneur.org\/wp-content\/uploads\/2023\/05\/9-300x219.png 300w, https:\/\/the-green-entrepreneur.org\/wp-content\/uploads\/2023\/05\/9-768x561.png 768w\" sizes=\"(max-width: 890px) 100vw, 890px\" \/>\t\t\t\t\t\t\t\t<\/a>\n\t\t\t\t\t\t\t\t\t\t\t\t\t<\/div>\n\t\t\t\t<\/div>\n\t\t\t\t<div class=\"elementor-element elementor-element-73eb60c elementor-widget elementor-widget-heading\" data-id=\"73eb60c\" data-element_type=\"widget\" data-widget_type=\"heading.default\">\n\t\t\t\t<div class=\"elementor-widget-container\">\n\t\t\t<h6 class=\"elementor-heading-title elementor-size-default\">3- D\u00e9marrage du projet <\/h6>\t\t<\/div>\n\t\t\t\t<\/div>\n\t\t\t\t<div class=\"elementor-element elementor-element-f7ffb5a elementor-widget-divider--view-line elementor-widget elementor-widget-divider\" data-id=\"f7ffb5a\" data-element_type=\"widget\" data-widget_type=\"divider.default\">\n\t\t\t\t<div class=\"elementor-widget-container\">\n\t\t\t\t\t<div class=\"elementor-divider\">\n\t\t\t<span class=\"elementor-divider-separator\">\n\t\t\t\t\t\t<\/span>\n\t\t<\/div>\n\t\t\t\t<\/div>\n\t\t\t\t<\/div>\n\t\t\t\t<div class=\"elementor-element elementor-element-2f2e395 elementor-widget__width-initial elementor-widget elementor-widget-heading\" data-id=\"2f2e395\" data-element_type=\"widget\" data-widget_type=\"heading.default\">\n\t\t\t\t<div class=\"elementor-widget-container\">\n\t\t\t<h5 class=\"elementor-heading-title elementor-size-default\"><a href=\"#\">ce parcours entrepreneurial vous guide dans la concr\u00e9tisation de votre id\u00e9e, en structurant votre projet pour un lancement r\u00e9ussi gr\u00e2ce \u00e0 des ateliers strat\u00e9giques et pratiques.\"<br>\nLes ateliers inclus sont :<br>\n1-  Recherche de financement <br>\n2-  Responsabilit\u00e9 sociale d'entreprise (RSE)<br> \n3-  Plan d'affaires <br>\n Transformez vos ambitions en r\u00e9alit\u00e9 gr\u00e2ce \u00e0 ce parcours essentiel !\n<\/a><\/h5>\t\t<\/div>\n\t\t\t\t<\/div>\n\t\t\t\t<div class=\"elementor-element elementor-element-906a149 elementor-widget__width-initial elementor-widget elementor-widget-text-editor\" data-id=\"906a149\" data-element_type=\"widget\" data-widget_type=\"text-editor.default\">\n\t\t\t\t<div class=\"elementor-widget-container\">\n\t\t\t\t\t\t\t<p><a href=\"https:\/\/www.zeffy.com\/fr-CA\/ticketing\/formation-tge\" target=\"_blank\" rel=\"noopener\"><strong>Access Training<\/strong><\/a><\/p>\t\t\t\t\t\t<\/div>\n\t\t\t\t<\/div>\n\t\t\t\t\t<\/div>\n\t\t<\/div>\n\t\t\t\t<div class=\"elementor-column elementor-col-50 elementor-top-column elementor-element elementor-element-f1743a9\" data-id=\"f1743a9\" data-element_type=\"column\">\n\t\t\t<div class=\"elementor-widget-wrap elementor-element-populated\">\n\t\t\t\t\t\t<div class=\"elementor-element elementor-element-3647caa elementor-widget elementor-widget-image\" data-id=\"3647caa\" data-element_type=\"widget\" data-widget_type=\"image.default\">\n\t\t\t\t<div class=\"elementor-widget-container\">\n\t\t\t\t\t\t\t\t\t\t\t\t\t\t<a href=\"#\">\n\t\t\t\t\t\t\t<img loading=\"lazy\" decoding=\"async\" width=\"735\" height=\"555\" src=\"https:\/\/the-green-entrepreneur.org\/wp-content\/uploads\/2023\/05\/735X555.png\" class=\"attachment-full size-full wp-image-987\" alt=\"\" srcset=\"https:\/\/the-green-entrepreneur.org\/wp-content\/uploads\/2023\/05\/735X555.png 735w, https:\/\/the-green-entrepreneur.org\/wp-content\/uploads\/2023\/05\/735X555-300x227.png 300w\" sizes=\"(max-width: 735px) 100vw, 735px\" \/>\t\t\t\t\t\t\t\t<\/a>\n\t\t\t\t\t\t\t\t\t\t\t\t\t<\/div>\n\t\t\t\t<\/div>\n\t\t\t\t<div class=\"elementor-element elementor-element-09259f9 elementor-widget elementor-widget-heading\" data-id=\"09259f9\" data-element_type=\"widget\" data-widget_type=\"heading.default\">\n\t\t\t\t<div class=\"elementor-widget-container\">\n\t\t\t<h6 class=\"elementor-heading-title elementor-size-default\">4- Croisssance du projet<\/h6>\t\t<\/div>\n\t\t\t\t<\/div>\n\t\t\t\t<div class=\"elementor-element elementor-element-ad03412 elementor-widget-divider--view-line elementor-widget elementor-widget-divider\" data-id=\"ad03412\" data-element_type=\"widget\" data-widget_type=\"divider.default\">\n\t\t\t\t<div class=\"elementor-widget-container\">\n\t\t\t\t\t<div class=\"elementor-divider\">\n\t\t\t<span class=\"elementor-divider-separator\">\n\t\t\t\t\t\t<\/span>\n\t\t<\/div>\n\t\t\t\t<\/div>\n\t\t\t\t<\/div>\n\t\t\t\t<div class=\"elementor-element elementor-element-74f35b1 elementor-widget elementor-widget-heading\" data-id=\"74f35b1\" data-element_type=\"widget\" data-widget_type=\"heading.default\">\n\t\t\t\t<div class=\"elementor-widget-container\">\n\t\t\t<h5 class=\"elementor-heading-title elementor-size-default\"><a href=\"#\">Passez \u00e0 l'\u00e9chelle sup\u00e9rieure avec ce parcours d\u00e9di\u00e9 \u00e0 l'expansion de votre projet<br>\n\nLes ateliers inclus :<br>\n1- Recherche de financement<br>\n2- Responsabilit\u00e9 sociale d'entreprise (RSE)<br>\n3- B\u00e2tir son image de marque :<br>\n4- Fid\u00e9lisation <br>\n5- Planification financi\u00e8re et budg\u00e9tisation :<br>\nAvec ce parcours, faites grandir votre entreprise tout en affirmant votre vision et votre impact.\n\n<\/a><\/h5>\t\t<\/div>\n\t\t\t\t<\/div>\n\t\t\t\t<div class=\"elementor-element elementor-element-ece20ae elementor-widget elementor-widget-text-editor\" data-id=\"ece20ae\" data-element_type=\"widget\" data-widget_type=\"text-editor.default\">\n\t\t\t\t<div class=\"elementor-widget-container\">\n\t\t\t\t\t\t\t<p><a href=\"https:\/\/www.zeffy.com\/fr-CA\/ticketing\/formation-tge\" target=\"_blank\" rel=\"noopener\"><strong>Access Training<\/strong><\/a><\/p>\t\t\t\t\t\t<\/div>\n\t\t\t\t<\/div>\n\t\t\t\t\t<\/div>\n\t\t<\/div>\n\t\t\t\t\t<\/div>\n\t\t<\/section>\n\t\t\t\t<section class=\"elementor-section elementor-top-section elementor-element elementor-element-9e44f20 elementor-section-boxed elementor-section-height-default elementor-section-height-default\" data-id=\"9e44f20\" data-element_type=\"section\">\n\t\t\t\t\t\t<div class=\"elementor-container elementor-column-gap-default\">\n\t\t\t\t\t<div class=\"elementor-column elementor-col-100 elementor-top-column elementor-element elementor-element-e755205\" data-id=\"e755205\" data-element_type=\"column\">\n\t\t\t<div class=\"elementor-widget-wrap elementor-element-populated\">\n\t\t\t\t\t\t\t<\/div>\n\t\t<\/div>\n\t\t\t\t\t<\/div>\n\t\t<\/section>\n\t\t\t\t<section class=\"elementor-section elementor-top-section elementor-element elementor-element-494a4f0 elementor-section-boxed elementor-section-height-default elementor-section-height-default\" data-id=\"494a4f0\" data-element_type=\"section\" data-settings=\"{&quot;background_background&quot;:&quot;classic&quot;}\">\n\t\t\t\t\t\t\t<div class=\"elementor-background-overlay\"><\/div>\n\t\t\t\t\t\t\t<div class=\"elementor-container elementor-column-gap-no\">\n\t\t\t\t\t<div class=\"elementor-column elementor-col-100 elementor-top-column elementor-element elementor-element-5d72112c\" data-id=\"5d72112c\" data-element_type=\"column\">\n\t\t\t<div class=\"elementor-widget-wrap elementor-element-populated\">\n\t\t\t\t\t\t<div class=\"elementor-element elementor-element-70461e25 elementor-widget elementor-widget-heading\" data-id=\"70461e25\" data-element_type=\"widget\" data-widget_type=\"heading.default\">\n\t\t\t\t<div class=\"elementor-widget-container\">\n\t\t\t<h6 class=\"elementor-heading-title elementor-size-default\">DO YOU WANT TO MAKE A DIFFERENCE?<\/h6>\t\t<\/div>\n\t\t\t\t<\/div>\n\t\t\t\t<div class=\"elementor-element elementor-element-37253159 elementor-widget elementor-widget-heading\" data-id=\"37253159\" data-element_type=\"widget\" data-widget_type=\"heading.default\">\n\t\t\t\t<div class=\"elementor-widget-container\">\n\t\t\t<h2 class=\"elementor-heading-title elementor-size-default\">Decide to start now!<\/h2>\t\t<\/div>\n\t\t\t\t<\/div>\n\t\t\t\t<div class=\"elementor-element elementor-element-28d9f862 elementor-align-center elementor-widget elementor-widget-button\" data-id=\"28d9f862\" data-element_type=\"widget\" data-widget_type=\"button.default\">\n\t\t\t\t<div class=\"elementor-widget-container\">\n\t\t\t\t\t\t\t<div class=\"elementor-button-wrapper\">\n\t\t\t\t\t<a class=\"elementor-button elementor-button-link elementor-size-sm\" href=\"\">\n\t\t\t\t\t\t<span class=\"elementor-button-content-wrapper\">\n\t\t\t\t\t\t\t\t\t<span class=\"elementor-button-text\">Get Involved<\/span>\n\t\t\t\t\t<\/span>\n\t\t\t\t\t<\/a>\n\t\t\t\t<\/div>\n\t\t\t\t\t\t<\/div>\n\t\t\t\t<\/div>\n\t\t\t\t\t<\/div>\n\t\t<\/div>\n\t\t\t\t\t<\/div>\n\t\t<\/section>\n\t\t\t\t<\/div>","protected":false},"excerpt":{"rendered":"<p>Nos Parcours je m&rsquo;inscris Notre projet Un accompagnement adapt\u00e9 \u00e0 chaque \u00e9tape de votre projet Bienvenue sur la page d\u00e9di\u00e9e \u00e0 nos\u00a0 parcours de formations. Chez \u00ab\u00a0The Green Entrepreneur\u00a0\u00bb,Choisissez le parcours qui correspond \u00e0 votre \u00e9tape actuelle et faites avancer votre projet en toute confiance ! 1-Recherche d&rsquo;id\u00e9e de projet Transformez votre cr\u00e9ativit\u00e9 en un [&hellip;]<\/p>","protected":false},"author":1,"featured_media":0,"parent":0,"menu_order":0,"comment_status":"closed","ping_status":"closed","template":"","meta":{"site-sidebar-layout":"no-sidebar","site-content-layout":"page-builder","ast-site-content-layout":"default","site-content-style":"default","site-sidebar-style":"default","ast-global-header-display":"","ast-banner-title-visibility":"","ast-main-header-display":"","ast-hfb-above-header-display":"","ast-hfb-below-header-display":"","ast-hfb-mobile-header-display":"","site-post-title":"disabled","ast-breadcrumbs-content":"disabled","ast-featured-img":"disabled","footer-sml-layout":"","ast-disable-related-posts":"","theme-transparent-header-meta":"enabled","adv-header-id-meta":"","stick-header-meta":"","header-above-stick-meta":"","header-main-stick-meta":"","header-below-stick-meta":"","astra-migrate-meta-layouts":"default","ast-page-background-enabled":"default","ast-page-background-meta":{"desktop":{"background-color":"","background-image":"","background-repeat":"repeat","background-position":"center center","background-size":"auto","background-attachment":"scroll","background-type":"","background-media":"","overlay-type":"","overlay-color":"","overlay-opacity":"","overlay-gradient":""},"tablet":{"background-color":"","background-image":"","background-repeat":"repeat","background-position":"center center","background-size":"auto","background-attachment":"scroll","background-type":"","background-media":"","overlay-type":"","overlay-color":"","overlay-opacity":"","overlay-gradient":""},"mobile":{"background-color":"","background-image":"","background-repeat":"repeat","background-position":"center center","background-size":"auto","background-attachment":"scroll","background-type":"","background-media":"","overlay-type":"","overlay-color":"","overlay-opacity":"","overlay-gradient":""}},"ast-content-background-meta":{"desktop":{"background-color":"var(--ast-global-color-5)","background-image":"","background-repeat":"repeat","background-position":"center center","background-size":"auto","background-attachment":"scroll","background-type":"","background-media":"","overlay-type":"","overlay-color":"","overlay-opacity":"","overlay-gradient":""},"tablet":{"background-color":"var(--ast-global-color-5)","background-image":"","background-repeat":"repeat","background-position":"center center","background-size":"auto","background-attachment":"scroll","background-type":"","background-media":"","overlay-type":"","overlay-color":"","overlay-opacity":"","overlay-gradient":""},"mobile":{"background-color":"var(--ast-global-color-5)","background-image":"","background-repeat":"repeat","background-position":"center center","background-size":"auto","background-attachment":"scroll","background-type":"","background-media":"","overlay-type":"","overlay-color":"","overlay-opacity":"","overlay-gradient":""}},"footnotes":""},"_links":{"self":[{"href":"https:\/\/the-green-entrepreneur.org\/en\/wp-json\/wp\/v2\/pages\/2023"}],"collection":[{"href":"https:\/\/the-green-entrepreneur.org\/en\/wp-json\/wp\/v2\/pages"}],"about":[{"href":"https:\/\/the-green-entrepreneur.org\/en\/wp-json\/wp\/v2\/types\/page"}],"author":[{"embeddable":true,"href":"https:\/\/the-green-entrepreneur.org\/en\/wp-json\/wp\/v2\/users\/1"}],"replies":[{"embeddable":true,"href":"https:\/\/the-green-entrepreneur.org\/en\/wp-json\/wp\/v2\/comments?post=2023"}],"version-history":[{"count":52,"href":"https:\/\/the-green-entrepreneur.org\/en\/wp-json\/wp\/v2\/pages\/2023\/revisions"}],"predecessor-version":[{"id":2199,"href":"https:\/\/the-green-entrepreneur.org\/en\/wp-json\/wp\/v2\/pages\/2023\/revisions\/2199"}],"wp:attachment":[{"href":"https:\/\/the-green-entrepreneur.org\/en\/wp-json\/wp\/v2\/media?parent=2023"}],"curies":[{"name":"wp","href":"https:\/\/api.w.org\/{rel}","templated":true}]}}